{"id":21,"date":"2020-02-05T17:25:44","date_gmt":"2020-02-05T16:25:44","guid":{"rendered":"http:\/\/s144731316.online.de\/btw2009\/groth\/?page_id=6"},"modified":"2024-04-20T14:01:30","modified_gmt":"2024-04-20T12:01:30","slug":"wahlprogramme","status":"publish","type":"page","link":"https:\/\/linke-bw.de\/ostfildern\/wahlen\/wahlprogramme\/","title":{"rendered":"Wahlprogramme"},"content":{"rendered":"<p><\/p>\r\n<p><\/p>\r\n<p><\/p>\r\n<p><\/p>\r\n<h1 id=\"mce_25\"><strong>Kommunal- und Europawahlen am 09.06.2024 <br><\/strong><\/h1>\r\n<p><\/p>\r\n<p><\/p>\r\n<ul>\r\n<li>\r\n<h3><span style=\"color: #000000\">Gemeinderatswahl 2024: Ostfildern. Sozial und solidarisch!<\/span><\/h3>\r\n<\/li>\r\n<\/ul>\r\n<p>Hier finden Sie <span style=\"color: #ff0000\"><a style=\"color: #ff0000\" href=\"https:\/\/linke-bw.de\/ostfildern\/files\/2024\/04\/24-03-18-die-linke-broschu\u0308re-quadrat_final.pdf\">unser Wahlprogramm<\/a><\/span> f\u00fcr die Gemeinderatswahl in Ostfildern. Wir stellen Ihnen unsere Vorschl\u00e4ge f\u00fcr ein soziales, \u00f6kologisches und demokratisches Ostfildern vor. Damit wir negative Entwicklungen umkehren und positive Dinge erhalten und ausbauen, braucht es eine starke Linke in Ostfildern!<\/p>\r\n<p><\/p>\r\n<hr>\r\n<p><\/p>\r\n<p><\/p>\r\n<ul>\r\n<li>\r\n<h3><span style=\"color: #000000\">Kreistagswahl 2024: Kreispolitik mit links \u2013 aktiv, solidarisch und \u00f6kologisch!<\/span><\/h3>\r\n<\/li>\r\n<\/ul>\r\n<p><\/p>\r\n<p><\/p>\r\n<p><\/p>\r\n<p><\/p>\r\n<p>Verabschiedet auf der Mitgliederversammlung Kreisverbands Esslingen am 07.07.2023.&nbsp;<\/p>\r\n<p><\/p>\r\n<p><\/p>\r\n<p><span style=\"color: #ff0000\"><a style=\"color: #ff0000\" href=\"http:\/\/die-linke-esslingen.de\/kreistagswahlprogramm-2019\/\" target=\"_blank\" rel=\"noreferrer noopener\" aria-label=\" (\u00f6ffnet in neuem Tab)\">Unser Kreistagswahlprogramm 2024<\/a><\/span> finden Sie hier.<\/p>\r\n<p><\/p>\r\n<p><\/p>\r\n<hr>\r\n<ul>\r\n<li>\r\n<h3><span style=\"color: #000000\">Regionalwahl 2024<\/span><\/h3>\r\n<\/li>\r\n<\/ul>\r\n<p><\/p>\r\n<p><\/p>\r\n<p><\/p>\r\n<p><\/p>\r\n<p><\/p>\r\n<p><\/p>\r\n<p><\/p>\r\n<p><\/p>\r\n<p>Alle f\u00fcnf Jahre sind die Menschen in der Region Stuttgart aufgerufen, ihr \u201eregionales Parlament\u201c zu w\u00e4hlen: die Regionalversammlung. Als Spitzenkandidat f\u00fcr Die Linke tritt Marc Dreher im Landkreis Esslingen an.<\/p>\r\n<p><a href=\"https:\/\/linke-bw.de\/ostfildern\/files\/2024\/04\/Die-Linke-Regionalwahlprogramm-2024.pdf\"><span style=\"color: #ff0000\">Unser Regionalwahlprogramm<\/span><\/a> finden Sie hier.<\/p>\r\n<p><\/p>\r\n<p><\/p>\r\n<hr>\r\n<p><\/p>\r\n<p><\/p>\r\n<ul>\r\n<li>\r\n<h3><span style=\"color: #000000\">Europawahl 2024<\/span><\/h3>\r\n<\/li>\r\n<\/ul>\r\n<p><\/p>\r\n<p><\/p>\r\n<p>Bei den anstehenden Europawahlen kommt es auf Ihre Stimme an. Schaffen wir es, aus den vielen Krisen herauszukommen, die soziale Schieflage zu beenden und Entscheidungen \u00fcber unsere Zukunft nicht l\u00e4nger Konzernen und m\u00e4chtigen Interessengruppen zu \u00fcberlassen? Die Linke macht daf\u00fcr ein klares Angebot: Wir m\u00fcssen den Markt grenz\u00fcbergreifend regeln und Demokratie ausbauen.<\/p>\r\n<p><a href=\"https:\/\/linke-bw.de\/ostfildern\/files\/2024\/04\/Europawahlprogramm_neu.pdf\"><span style=\"color: #ff0000\">Unser Europawahlprogramm<\/span><\/a> finden Sie hier.<\/p>\r\n<p>&nbsp;<\/p>\r\n<p>&nbsp;<\/p>\r\n<p><\/p>\r\n","protected":false},"excerpt":{"rendered":"<p>Kommunal- und Europawahlen am 09.06.2024<\/p>\n","protected":false},"author":212,"featured_media":0,"parent":227,"menu_order":0,"comment_status":"closed","ping_status":"closed","template":"","meta":{"ngg_post_thumbnail":0},"_links":{"self":[{"href":"https:\/\/linke-bw.de\/ostfildern\/wp-json\/wp\/v2\/pages\/21"}],"collection":[{"href":"https:\/\/linke-bw.de\/ostfildern\/wp-json\/wp\/v2\/pages"}],"about":[{"href":"https:\/\/linke-bw.de\/ostfildern\/wp-json\/wp\/v2\/types\/page"}],"author":[{"embeddable":true,"href":"https:\/\/linke-bw.de\/ostfildern\/wp-json\/wp\/v2\/users\/212"}],"replies":[{"embeddable":true,"href":"https:\/\/linke-bw.de\/ostfildern\/wp-json\/wp\/v2\/comments?post=21"}],"version-history":[{"count":48,"href":"https:\/\/linke-bw.de\/ostfildern\/wp-json\/wp\/v2\/pages\/21\/revisions"}],"predecessor-version":[{"id":6497,"href":"https:\/\/linke-bw.de\/ostfildern\/wp-json\/wp\/v2\/pages\/21\/revisions\/6497"}],"up":[{"embeddable":true,"href":"https:\/\/linke-bw.de\/ostfildern\/wp-json\/wp\/v2\/pages\/227"}],"wp:attachment":[{"href":"https:\/\/linke-bw.de\/ostfildern\/wp-json\/wp\/v2\/media?parent=21"}],"curies":[{"name":"wp","href":"https:\/\/api.w.org\/{rel}","templated":true}]}}