{"id":22,"date":"2009-07-20T08:54:50","date_gmt":"2009-07-20T06:54:50","guid":{"rendered":"http:\/\/s144731316.online.de\/btw2009\/findeisen\/?page_id=10"},"modified":"2024-04-14T20:53:13","modified_gmt":"2024-04-14T18:53:13","slug":"aktiv-werden","status":"publish","type":"page","link":"https:\/\/linke-bw.de\/ostfildern\/aktiv-werden\/","title":{"rendered":"Aktiv werden!"},"content":{"rendered":"<h3 style=\"text-align: left\"><span style=\"color: #000000\"><strong>Mitmachen in der LINKEN. F\u00fcr eine friedliche und sozial gerechte Gesellschaft!<\/strong><\/span><\/h3>\r\n<p>Es gibt viele M\u00f6glichkeiten, uns zu unterst\u00fctzen. Wir haben viel vor und brauchen Mitstreiterinnen und Mitstreiter um uns gemeinsam in die Lage zu versetzen, dass DIE LINKE vor Ort einen sp\u00fcrbaren Unterschied im Leben der Menschen macht.<\/p>\r\n<p>Kontaktiere uns gerne, wenn du uns in Ostfildern unterst\u00fctzen m\u00f6chtest!<\/p>\r\n<p>Mail: ortsvorstand-ostfildern@die-linke-kreisverband-esslingen.de<\/p>\r\n<p><span style=\"color: #000000\"><strong>Bitte klicke auf einen Link, der dich interessiert:<\/strong><\/span><\/p>\r\n<ul>\r\n<li><span style=\"color: #ff0000\"><a style=\"color: #ff0000\" href=\"https:\/\/www.die-linke.de\/mitmachen\/mitglied-werden\/\" target=\"_blank\" rel=\"noopener\">Mitglied werden<\/a><\/span><\/li>\r\n<li><span style=\"color: #ff0000\"><a style=\"color: #ff0000\" href=\"https:\/\/die-linke-esslingen.de\/spenden\/\" target=\"_blank\" rel=\"noopener\">Spenden<\/a><\/span><\/li>\r\n<li><a href=\"http:\/\/www.linksaktiv.de\/\" target=\"_blank\" rel=\"noopener\"><span style=\"color: #ff0000\">linksaktiv werden!<\/span><\/a><\/li>\r\n<\/ul>\r\n\r\n\r\n<hr class=\"wp-block-separator\">\r\n\r\n\r\n<h3><strong><span style=\"color: #000000\">Spenden<\/span><\/strong><\/h3>\r\n\r\n\r\n\r\n<div class=\"wp-block-columns has-2-columns\">\r\n<div class=\"wp-block-column\">\r\n<figure class=\"wp-block-image\"><img loading=\"lazy\" class=\"wp-image-1315 alignnone\" src=\"http:\/\/linke-bw.de\/ov-ostfildern\/files\/2019\/03\/Linke-spenden-1.png\" alt=\"\" width=\"310\" height=\"125\"><\/figure>\r\n<\/div>\r\n\r\n\r\n\r\n<div class=\"wp-block-column\">\r\n<p style=\"text-align: left\">DIE LINKE ist die einzige der im Bundestag vertretenen Parteien, die keine Gro\u00dfspenden von Konzernen, Banken, Versicherungen und Lobbyisten erh\u00e4lt.<\/p>\r\n<\/div>\r\n<\/div>\r\n\r\n\r\n\r\n<p style=\"text-align: left\">Unsere wichtigste Einnahmequelle sind unsere Mitgliedsbeitr\u00e4ge. Das macht uns unabh\u00e4ngig vom Einfluss Dritter. Wir sind nicht k\u00e4uflich. <br>F\u00fcr Spenden von Genossinnen und Genossen, Sympathisantinnen und Sympathisanten sind wir dankbar. F\u00fcr jede Spende ab \u20ac 20,- erhalten Sie eine Spendenbescheinigung, falls Ihre Adresse bekannt ist oder Sie diese angeben.<br><strong><br>DIE LINKE. Kreisverband Esslingen<\/strong><br>Kreissparkasse Esslingen-N\u00fcrtingen<br>IBAN: DE34 6115 0020 0100 6822 25<br>Verwendungszweck: <strong>Spende<\/strong>, Vorname, Name, Adresse<\/p>\r\n\r\n\r\n\r\n<p><strong>DIE LINKE. Baden-W\u00fcrttemberg<\/strong><br>IBAN: DE58 6001 0070 0289 5827 00<br>Postbank Stuttgart<br>BIC: PBNKDEFF<br>Zahlungsgrund: <strong>Spende<\/strong>, Vorname, Name, Adresse<\/p>\r\n\r\n\r\n\r\n\r\n\r\n\r\n\r\n\r\n","protected":false},"excerpt":{"rendered":"<p>Mitmachen in der LINKEN. F\u00fcr eine friedliche und sozial gerechte Gesellschaft! Es gibt viele M\u00f6glichkeiten, uns zu unterst\u00fctzen. Wir haben viel vor und brauchen Mitstreiterinnen und Mitstreiter um uns gemeinsam in die Lage zu versetzen, dass DIE LINKE vor Ort einen sp\u00fcrbaren Unterschied im Leben der Menschen macht. Kontaktiere uns gerne, wenn du uns in &hellip; <\/p>\n<p class=\"link-more\"><a href=\"https:\/\/linke-bw.de\/ostfildern\/aktiv-werden\/\" class=\"more-link\"><span class=\"screen-reader-text\">\u201eAktiv werden!\u201c<\/span> weiterlesen<\/a><\/p>\n","protected":false},"author":207,"featured_media":0,"parent":0,"menu_order":4,"comment_status":"open","ping_status":"open","template":"","meta":{"ngg_post_thumbnail":0},"_links":{"self":[{"href":"https:\/\/linke-bw.de\/ostfildern\/wp-json\/wp\/v2\/pages\/22"}],"collection":[{"href":"https:\/\/linke-bw.de\/ostfildern\/wp-json\/wp\/v2\/pages"}],"about":[{"href":"https:\/\/linke-bw.de\/ostfildern\/wp-json\/wp\/v2\/types\/page"}],"author":[{"embeddable":true,"href":"https:\/\/linke-bw.de\/ostfildern\/wp-json\/wp\/v2\/users\/207"}],"replies":[{"embeddable":true,"href":"https:\/\/linke-bw.de\/ostfildern\/wp-json\/wp\/v2\/comments?post=22"}],"version-history":[{"count":18,"href":"https:\/\/linke-bw.de\/ostfildern\/wp-json\/wp\/v2\/pages\/22\/revisions"}],"predecessor-version":[{"id":6481,"href":"https:\/\/linke-bw.de\/ostfildern\/wp-json\/wp\/v2\/pages\/22\/revisions\/6481"}],"wp:attachment":[{"href":"https:\/\/linke-bw.de\/ostfildern\/wp-json\/wp\/v2\/media?parent=22"}],"curies":[{"name":"wp","href":"https:\/\/api.w.org\/{rel}","templated":true}]}}