{"id":227,"date":"2019-02-09T15:51:20","date_gmt":"2019-02-09T14:51:20","guid":{"rendered":"http:\/\/linke-bw.de\/ostfildern\/?page_id=227"},"modified":"2024-04-14T19:48:05","modified_gmt":"2024-04-14T17:48:05","slug":"wahlen","status":"publish","type":"page","link":"https:\/\/linke-bw.de\/ostfildern\/wahlen\/","title":{"rendered":"Wahlen"},"content":{"rendered":"\r\n<p><strong>Liebe B\u00fcrgerinnen und B\u00fcrger Ostfilderns, <br><\/strong><\/p>\r\n<p>Kommunalpolitik betrifft uns alle. Direkt vor unserer Haust\u00fcr werden die gesellschaftlichen Konflikte sichtbar: Wenige werden immer reicher, w\u00e4hrend sich viele f\u00fcr niedrige L\u00f6hne abrackern und kaum noch bezahlbaren Wohnraum finden. An vielen Orten, die das gesellschaftliche Leben aufrechterhalten, sp\u00fcrt man das fehlende Personal: In Krankenh\u00e4usern und Pflegeheimen, an Schulen und in den Kitas, im Nahverkehr und im Einzelhandel.<\/p>\r\n<p>Wir als DIE LINKE sind \u00fcberzeugt: Wir brauchen entschiedene Ma\u00dfnahmen zur Entlastung der Mehrheit und eine grunds\u00e4tzliche Ver\u00e4nderung f\u00fcr soziale Gerechtigkeit und eine solidarische Stadtgesellschaft. Wir brauchen eine \u00f6kologische Wende, die mit sozialer Sicherheit einhergeht.<\/p>\r\n<p>Linke Kommunalpolitik hei\u00dft deswegen einzutreten f\u00fcr soziale Interessen, nachhaltige Entwicklung und demokratische Teilhabe f\u00fcr alle in der Gemeinde, im Landkreis und in der Region. <\/p>\r\n<p>Am 09.06.2024 sind Sie aufgerufen ihre kommunalen Gremien zu w\u00e4hlen. <strong>W\u00e4hlen Sie Politik f\u00fcr Menschen statt f\u00fcr Profite. F\u00fcr eine starke Linke in Ostfildern!<\/strong><\/p>\r\n<div class=\"default-style\">\r\n<p>&nbsp;<\/p>\r\n<\/div>\r\n<h3>\r\n\r\n<\/h3>\r\n<h3>\r\n\r\n<\/h3>\r\n","protected":false},"excerpt":{"rendered":"<p>Liebe B\u00fcrgerinnen und B\u00fcrger Ostfilderns, Kommunalpolitik betrifft uns alle. Direkt vor unserer Haust\u00fcr werden die gesellschaftlichen Konflikte sichtbar: Wenige werden immer reicher, w\u00e4hrend sich viele f\u00fcr niedrige L\u00f6hne abrackern und kaum noch bezahlbaren Wohnraum finden. An vielen Orten, die das gesellschaftliche Leben aufrechterhalten, sp\u00fcrt man das fehlende Personal: In Krankenh\u00e4usern und Pflegeheimen, an Schulen und &hellip; <\/p>\n<p class=\"link-more\"><a href=\"https:\/\/linke-bw.de\/ostfildern\/wahlen\/\" class=\"more-link\"><span class=\"screen-reader-text\">\u201eWahlen\u201c<\/span> weiterlesen<\/a><\/p>\n","protected":false},"author":207,"featured_media":0,"parent":0,"menu_order":0,"comment_status":"closed","ping_status":"closed","template":"","meta":{"ngg_post_thumbnail":0},"_links":{"self":[{"href":"https:\/\/linke-bw.de\/ostfildern\/wp-json\/wp\/v2\/pages\/227"}],"collection":[{"href":"https:\/\/linke-bw.de\/ostfildern\/wp-json\/wp\/v2\/pages"}],"about":[{"href":"https:\/\/linke-bw.de\/ostfildern\/wp-json\/wp\/v2\/types\/page"}],"author":[{"embeddable":true,"href":"https:\/\/linke-bw.de\/ostfildern\/wp-json\/wp\/v2\/users\/207"}],"replies":[{"embeddable":true,"href":"https:\/\/linke-bw.de\/ostfildern\/wp-json\/wp\/v2\/comments?post=227"}],"version-history":[{"count":32,"href":"https:\/\/linke-bw.de\/ostfildern\/wp-json\/wp\/v2\/pages\/227\/revisions"}],"predecessor-version":[{"id":6438,"href":"https:\/\/linke-bw.de\/ostfildern\/wp-json\/wp\/v2\/pages\/227\/revisions\/6438"}],"wp:attachment":[{"href":"https:\/\/linke-bw.de\/ostfildern\/wp-json\/wp\/v2\/media?parent=227"}],"curies":[{"name":"wp","href":"https:\/\/api.w.org\/{rel}","templated":true}]}}