{"id":377,"date":"2019-03-07T18:15:31","date_gmt":"2019-03-07T17:15:31","guid":{"rendered":"http:\/\/linke-bw.de\/ostfildern\/?page_id=377"},"modified":"2024-05-21T15:58:33","modified_gmt":"2024-05-21T13:58:33","slug":"kandidatinnen","status":"publish","type":"page","link":"https:\/\/linke-bw.de\/ostfildern\/wahlen\/kandidatinnen\/","title":{"rendered":"Kandidatinnen und Kandidaten"},"content":{"rendered":"\r\n<h2><span style=\"color: #000000\"><strong>Zur Kommunalwahl am 09.06.2024 treten f\u00fcr Die Linke folgende Kandidatinnen und Kandidaten an:<\/strong><\/span><\/h2>\r\n<h2><span style=\"color: #000000\"><strong>Gemeinderat Ostfildern:<\/strong><\/span><\/h2>\r\n<p>1. Dr. Jutta Zwaschka (Humanmedizinerin)<\/p>\r\n<p>2. Cuno Brune-H\u00e4gele (Gewerkschaftssekret\u00e4r)<\/p>\r\n<p>3. J\u00fcrgen Roos (Gymnasiallehrer)<\/p>\r\n<p>4. Christof Molls (Einzelhandelskaufmann i.R.)<\/p>\r\n<p>5. Martin Seeger-Kubach (Verwaltungsangestellter)<\/p>\r\n<p>6. Michael Hsu (Schulbegleiter)<\/p>\r\n<p>7. Paul Weigold (Student)<\/p>\r\n<p>8. J\u00f6rg Rebhan (Altenpfleger)<\/p>\r\n<p>9. Po Law Hsu (Busfahrer)<\/p>\r\n<p>10. Gjorge Gjorgiev (Sicherheitsmitarbeiter)<\/p>\r\n\r\n\r\n\r\n<div class=\"wp-block-media-text alignwide is-image-fill has-cyan-bluish-gray-background-color has-background\">\r\n<div class=\"wp-block-media-text__content\"><\/div>\r\n<\/div>\r\n\r\n\r\n\r\n<div class=\"wp-block-columns\">\r\n\r\n<\/div>\r\n\r\n\r\n\r\n<div class=\"wp-block-media-text alignwide has-media-on-the-right is-stacked-on-mobile is-image-fill has-cyan-bluish-gray-background-color has-background\">\r\n<div class=\"wp-block-media-text__content\">\r\n\r\n<\/div>\r\n<\/div>\r\n\r\n\r\n\r\n\r\n\r\n\r\n\r\n\r\n<hr class=\"wp-block-separator\">\r\n\r\n\r\n<h3><span style=\"color: #000000\"><strong>Kreistag Esslingen (Wahlkreis Ostfildern)<\/strong><\/span><\/h3>\r\n<p>1. Marc Dreher (Sozialplaner)<\/p>\r\n<p>2. Dr. Jutta Zwaschka (Humanmedizinerin)<\/p>\r\n<p>3. Cuno Brune-H\u00e4gele (Gewerkschaftssekret\u00e4r)<\/p>\r\n<p>4. Martin Seeger-Kubach (Verwaltungsangestellter)<\/p>\r\n<p>5. Ulrich Spangenberger (Rentner)<\/p>\r\n<p>6. Georgia Efthimiopoulou (Monteurin)<\/p>\r\n\r\n\r\n\r\n\r\n\r\n\r\n\r\n\r\n\r\n\r\n\r\n\r\n\r\n\r\n<hr class=\"wp-block-separator\">\r\n<h3><span style=\"color: #000000\"><strong>Region Stuttgart: Unser Spitzenkandidat<\/strong><\/span><\/h3>\r\n\r\n\r\n\r\n<p>1. Marc Dreher (Sozialplaner)<\/p>\r\n<hr>\r\n<p class=\"has-vivid-red-color has-text-color\"><strong>DIE LINKE &#8211; SOZIAL &amp; \u00d6KOLOGISCH F\u00dcR OSTFILDERN<\/strong><\/p>\r\n<p><a href=\"https:\/\/linke-bw.de\/ostfildern\/files\/2024\/05\/24-04-11_die-linke-flyer_rgb.pdf\">Flyer Kreistag + Regionalversammlung<\/a><\/p>\r\n","protected":false},"excerpt":{"rendered":"<p>Zur Kommunalwahl am 09.06.2024 treten f\u00fcr Die Linke folgende Kandidatinnen und Kandidaten an: Gemeinderat Ostfildern: 1. Dr. Jutta Zwaschka (Humanmedizinerin) 2. Cuno Brune-H\u00e4gele (Gewerkschaftssekret\u00e4r) 3. J\u00fcrgen Roos (Gymnasiallehrer) 4. Christof Molls (Einzelhandelskaufmann i.R.) 5. Martin Seeger-Kubach (Verwaltungsangestellter) 6. Michael Hsu (Schulbegleiter) 7. Paul Weigold (Student) 8. J\u00f6rg Rebhan (Altenpfleger) 9. Po Law Hsu (Busfahrer) 10. &hellip; <\/p>\n<p class=\"link-more\"><a href=\"https:\/\/linke-bw.de\/ostfildern\/wahlen\/kandidatinnen\/\" class=\"more-link\"><span class=\"screen-reader-text\">\u201eKandidatinnen und Kandidaten\u201c<\/span> weiterlesen<\/a><\/p>\n","protected":false},"author":207,"featured_media":0,"parent":227,"menu_order":0,"comment_status":"closed","ping_status":"closed","template":"","meta":{"ngg_post_thumbnail":0},"_links":{"self":[{"href":"https:\/\/linke-bw.de\/ostfildern\/wp-json\/wp\/v2\/pages\/377"}],"collection":[{"href":"https:\/\/linke-bw.de\/ostfildern\/wp-json\/wp\/v2\/pages"}],"about":[{"href":"https:\/\/linke-bw.de\/ostfildern\/wp-json\/wp\/v2\/types\/page"}],"author":[{"embeddable":true,"href":"https:\/\/linke-bw.de\/ostfildern\/wp-json\/wp\/v2\/users\/207"}],"replies":[{"embeddable":true,"href":"https:\/\/linke-bw.de\/ostfildern\/wp-json\/wp\/v2\/comments?post=377"}],"version-history":[{"count":54,"href":"https:\/\/linke-bw.de\/ostfildern\/wp-json\/wp\/v2\/pages\/377\/revisions"}],"predecessor-version":[{"id":6539,"href":"https:\/\/linke-bw.de\/ostfildern\/wp-json\/wp\/v2\/pages\/377\/revisions\/6539"}],"up":[{"embeddable":true,"href":"https:\/\/linke-bw.de\/ostfildern\/wp-json\/wp\/v2\/pages\/227"}],"wp:attachment":[{"href":"https:\/\/linke-bw.de\/ostfildern\/wp-json\/wp\/v2\/media?parent=377"}],"curies":[{"name":"wp","href":"https:\/\/api.w.org\/{rel}","templated":true}]}}