{"id":459,"date":"2019-03-19T22:46:11","date_gmt":"2019-03-19T21:46:11","guid":{"rendered":"http:\/\/linke-bw.de\/ostfildern\/?page_id=459"},"modified":"2020-02-05T17:28:05","modified_gmt":"2020-02-05T16:28:05","slug":"gjorge-gjorgiev","status":"publish","type":"page","link":"https:\/\/linke-bw.de\/ostfildern\/wahlen\/kandidatinnen\/gjorge-gjorgiev\/","title":{"rendered":"Gjorge Gjorgiev"},"content":{"rendered":"\n<figure class=\"wp-block-image\"><img loading=\"lazy\" width=\"1024\" height=\"1024\" src=\"http:\/\/linke-bw.de\/ostfildern\/files\/2019\/03\/Gjorge-Gjorgiev-Fotov1-1024x1024.jpg\" alt=\"\" class=\"wp-image-460\" srcset=\"https:\/\/linke-bw.de\/ostfildern\/files\/2019\/03\/Gjorge-Gjorgiev-Fotov1-1024x1024.jpg 1024w, https:\/\/linke-bw.de\/ostfildern\/files\/2019\/03\/Gjorge-Gjorgiev-Fotov1-150x150.jpg 150w, https:\/\/linke-bw.de\/ostfildern\/files\/2019\/03\/Gjorge-Gjorgiev-Fotov1-300x300.jpg 300w, https:\/\/linke-bw.de\/ostfildern\/files\/2019\/03\/Gjorge-Gjorgiev-Fotov1-768x768.jpg 768w, https:\/\/linke-bw.de\/ostfildern\/files\/2019\/03\/Gjorge-Gjorgiev-Fotov1.jpg 1108w\" sizes=\"(max-width: 767px) 89vw, (max-width: 1000px) 54vw, (max-width: 1071px) 543px, 580px\" \/><figcaption>Gjorge Gjorgiev: Kandidat f\u00fcr den Gemeinderat Ostfildern<\/figcaption><\/figure>\n\n\n\n<h2>Gjorge Gjorgiev<\/h2>\n\n\n\n<p>In Mazedonien 1975 geboren, verheiratet, seit 2016 in Ostfildern-Scharnhausen lebend. Im Heimatland Ausbildung zum Unteroffizier und Grenzpolizisten; in Deutschland als Sicherheitsmitarbeiter t\u00e4tig.<\/p>\n\n\n\n<p><strong>Politische Interessen<\/strong>: Bessere Chancen f\u00fcr sozial benachteiligte B\u00fcrger*innen bei der Bildung und Wohnraumversorgung, mehr aktiver Naturschutz vor der eigenen Haust\u00fcre, kostenloses Essen f\u00fcr Schulkinder und preisg\u00fcnstiger \u00d6PNV.<\/p>\n\n\n\n<p><strong>Vereine<\/strong>: Aktives Mitglied beim NABU Ostfildern-Nellingen und im \u00f6rtlichen Fitnessclub.<\/p>\n","protected":false},"excerpt":{"rendered":"<p>Gjorge Gjorgiev In Mazedonien 1975 geboren, verheiratet, seit 2016 in Ostfildern-Scharnhausen lebend. Im Heimatland Ausbildung zum Unteroffizier und Grenzpolizisten; in Deutschland als Sicherheitsmitarbeiter t\u00e4tig. Politische Interessen: Bessere Chancen f\u00fcr sozial benachteiligte B\u00fcrger*innen bei der Bildung und Wohnraumversorgung, mehr aktiver Naturschutz vor der eigenen Haust\u00fcre, kostenloses Essen f\u00fcr Schulkinder und preisg\u00fcnstiger \u00d6PNV. Vereine: Aktives Mitglied beim &hellip; <\/p>\n<p class=\"link-more\"><a href=\"https:\/\/linke-bw.de\/ostfildern\/wahlen\/kandidatinnen\/gjorge-gjorgiev\/\" class=\"more-link\"><span class=\"screen-reader-text\">\u201eGjorge Gjorgiev\u201c<\/span> weiterlesen<\/a><\/p>\n","protected":false},"author":207,"featured_media":0,"parent":377,"menu_order":0,"comment_status":"closed","ping_status":"closed","template":"","meta":{"ngg_post_thumbnail":0},"_links":{"self":[{"href":"https:\/\/linke-bw.de\/ostfildern\/wp-json\/wp\/v2\/pages\/459"}],"collection":[{"href":"https:\/\/linke-bw.de\/ostfildern\/wp-json\/wp\/v2\/pages"}],"about":[{"href":"https:\/\/linke-bw.de\/ostfildern\/wp-json\/wp\/v2\/types\/page"}],"author":[{"embeddable":true,"href":"https:\/\/linke-bw.de\/ostfildern\/wp-json\/wp\/v2\/users\/207"}],"replies":[{"embeddable":true,"href":"https:\/\/linke-bw.de\/ostfildern\/wp-json\/wp\/v2\/comments?post=459"}],"version-history":[{"count":1,"href":"https:\/\/linke-bw.de\/ostfildern\/wp-json\/wp\/v2\/pages\/459\/revisions"}],"predecessor-version":[{"id":461,"href":"https:\/\/linke-bw.de\/ostfildern\/wp-json\/wp\/v2\/pages\/459\/revisions\/461"}],"up":[{"embeddable":true,"href":"https:\/\/linke-bw.de\/ostfildern\/wp-json\/wp\/v2\/pages\/377"}],"wp:attachment":[{"href":"https:\/\/linke-bw.de\/ostfildern\/wp-json\/wp\/v2\/media?parent=459"}],"curies":[{"name":"wp","href":"https:\/\/api.w.org\/{rel}","templated":true}]}}