{"id":466,"date":"2019-03-20T16:01:00","date_gmt":"2019-03-20T15:01:00","guid":{"rendered":"http:\/\/linke-bw.de\/ostfildern\/?page_id=466"},"modified":"2020-02-05T17:30:07","modified_gmt":"2020-02-05T16:30:07","slug":"ulrich-spangenberger","status":"publish","type":"page","link":"https:\/\/linke-bw.de\/ostfildern\/wahlen\/kandidatinnen\/ulrich-spangenberger\/","title":{"rendered":"Ulrich Spangenberger"},"content":{"rendered":"\n<figure class=\"wp-block-image\"><img loading=\"lazy\" width=\"823\" height=\"1024\" src=\"http:\/\/linke-bw.de\/ostfildern\/files\/2019\/03\/P1020750v1-823x1024.jpg\" alt=\"\" class=\"wp-image-503\" srcset=\"https:\/\/linke-bw.de\/ostfildern\/files\/2019\/03\/P1020750v1-823x1024.jpg 823w, https:\/\/linke-bw.de\/ostfildern\/files\/2019\/03\/P1020750v1-241x300.jpg 241w, https:\/\/linke-bw.de\/ostfildern\/files\/2019\/03\/P1020750v1-768x955.jpg 768w, https:\/\/linke-bw.de\/ostfildern\/files\/2019\/03\/P1020750v1.jpg 1920w\" sizes=\"(max-width: 767px) 89vw, (max-width: 1000px) 54vw, (max-width: 1071px) 543px, 580px\" \/><figcaption>Sprecher des Ortsverbandes Ostfildern: Ulrich Spangenberger<\/figcaption><\/figure>\n\n\n\n<h2>Ulrich Spangenberger<\/h2>\n\n\n\n<p><strong>Allgemeine \u00dcbersicht<\/strong>: Jahrgang 1945, geb. Frankfurt\/Main, geschieden, 2 Kinder, 4 Enkelchen, seit 2013 in Ostfildern lebend.<\/p>\n\n\n\n<p><strong>Ausbildungen<\/strong>: Drucktechniker, Diplom-Handelslehrer, letzte Anstellung als Prokurist in einem international t\u00e4tigen grafischen Betrieb.<\/p>\n\n\n\n<p><strong>Politische Interessen<\/strong>: Gegen Ungerechtigkeit, f\u00fcr Chancengleichheit aller in unserem Staat lebenden Menschen, Begrenzung der Macht und Einflussnahme von Gro\u00dfunternehmen in der Politik, Erziehung in der Schule muss auf die T\u00fccken des Lebens vorbereiten, sehr wichtig sind f\u00fcr mich ebenfalls Tierschutz und Umweltschutz.<\/p>\n","protected":false},"excerpt":{"rendered":"<p>Ulrich Spangenberger Allgemeine \u00dcbersicht: Jahrgang 1945, geb. Frankfurt\/Main, geschieden, 2 Kinder, 4 Enkelchen, seit 2013 in Ostfildern lebend. Ausbildungen: Drucktechniker, Diplom-Handelslehrer, letzte Anstellung als Prokurist in einem international t\u00e4tigen grafischen Betrieb. Politische Interessen: Gegen Ungerechtigkeit, f\u00fcr Chancengleichheit aller in unserem Staat lebenden Menschen, Begrenzung der Macht und Einflussnahme von Gro\u00dfunternehmen in der Politik, Erziehung in &hellip; <\/p>\n<p class=\"link-more\"><a href=\"https:\/\/linke-bw.de\/ostfildern\/wahlen\/kandidatinnen\/ulrich-spangenberger\/\" class=\"more-link\"><span class=\"screen-reader-text\">\u201eUlrich Spangenberger\u201c<\/span> weiterlesen<\/a><\/p>\n","protected":false},"author":207,"featured_media":0,"parent":377,"menu_order":0,"comment_status":"closed","ping_status":"closed","template":"","meta":{"ngg_post_thumbnail":0},"_links":{"self":[{"href":"https:\/\/linke-bw.de\/ostfildern\/wp-json\/wp\/v2\/pages\/466"}],"collection":[{"href":"https:\/\/linke-bw.de\/ostfildern\/wp-json\/wp\/v2\/pages"}],"about":[{"href":"https:\/\/linke-bw.de\/ostfildern\/wp-json\/wp\/v2\/types\/page"}],"author":[{"embeddable":true,"href":"https:\/\/linke-bw.de\/ostfildern\/wp-json\/wp\/v2\/users\/207"}],"replies":[{"embeddable":true,"href":"https:\/\/linke-bw.de\/ostfildern\/wp-json\/wp\/v2\/comments?post=466"}],"version-history":[{"count":4,"href":"https:\/\/linke-bw.de\/ostfildern\/wp-json\/wp\/v2\/pages\/466\/revisions"}],"predecessor-version":[{"id":504,"href":"https:\/\/linke-bw.de\/ostfildern\/wp-json\/wp\/v2\/pages\/466\/revisions\/504"}],"up":[{"embeddable":true,"href":"https:\/\/linke-bw.de\/ostfildern\/wp-json\/wp\/v2\/pages\/377"}],"wp:attachment":[{"href":"https:\/\/linke-bw.de\/ostfildern\/wp-json\/wp\/v2\/media?parent=466"}],"curies":[{"name":"wp","href":"https:\/\/api.w.org\/{rel}","templated":true}]}}