{"id":478,"date":"2019-03-20T17:24:54","date_gmt":"2019-03-20T16:24:54","guid":{"rendered":"http:\/\/linke-bw.de\/ostfildern\/?page_id=478"},"modified":"2020-02-05T17:29:21","modified_gmt":"2020-02-05T16:29:21","slug":"michael-hsu","status":"publish","type":"page","link":"https:\/\/linke-bw.de\/ostfildern\/wahlen\/kandidatinnen\/michael-hsu\/","title":{"rendered":"Michael Hsu"},"content":{"rendered":"\n<figure class=\"wp-block-image\"><img loading=\"lazy\" width=\"1024\" height=\"909\" src=\"http:\/\/linke-bw.de\/ostfildern\/files\/2019\/03\/DSC03044-2-1024x909.jpg\" alt=\"\" class=\"wp-image-477\" srcset=\"https:\/\/linke-bw.de\/ostfildern\/files\/2019\/03\/DSC03044-2-1024x909.jpg 1024w, https:\/\/linke-bw.de\/ostfildern\/files\/2019\/03\/DSC03044-2-300x266.jpg 300w, https:\/\/linke-bw.de\/ostfildern\/files\/2019\/03\/DSC03044-2-768x682.jpg 768w\" sizes=\"(max-width: 767px) 89vw, (max-width: 1000px) 54vw, (max-width: 1071px) 543px, 580px\" \/><figcaption>Michael Hsu stv. Sprecher des OV Ostfildern<\/figcaption><\/figure>\n\n\n\n<h2>Michael Hsu<\/h2>\n\n\n\n<p>Jahrgang 1993, geb\u00fcrtiger Esslinger, ledig, seit 2013 in Ostfildern-Parksiedlung wohnhaft.<\/p>\n\n\n\n<p>Schulbegleiter (Inklusionsassistent)<\/p>\n\n\n\n<p><strong>Ehrenamtliches Engagement<\/strong>: Seit 2009 \u00dcbungsleiter der Handball AG Waisenhofschule Esslingen im Rahmen eines Lehrauftrages<br>eingetragener Spender (2015 Stammzellenspende) der DKMS (Deutschen Knochenmarkspenderdatei) <br><\/p>\n\n\n\n<p><strong>Schwerpunkte<\/strong>: bezahlbarer Wohnraum, Friedenspolitik, #fridaysforfuture, Bildung, Inklusion, Rekommunalisierung der \u00f6ffentlichen Daseinsvorsorge<\/p>\n\n\n\n<p><strong>Vor Ort<\/strong> mehr R\u00e4ume der Begegnungen schaffen f\u00fcr jung und alt (ohne Zwang konsumieren zu m\u00fcssen), Ostfildern zum sicheren Hafen erkl\u00e4ren, Graffiti-K\u00fcnstler*innen durch zugeordnete Spray-Stellen entkriminalisieren und Zweckentfremdungsverbot von Wohnraum.<\/p>\n\n\n\n<p>Seit Juli 2017 Mitglied der Partei DIE LINKE. und der linksjugend [&#8217;solid]<br>Seit September 2018 stv. Sprecher im Ortsverband DIE LINKE Ostfildern<br>Mitglied der Landesarbeitsgemeinschaft Frieden und Bildung der Partei DIE LINKE Baden-W\u00fcrttemberg<br>F\u00f6rdermitglied der Rosa Luxemburg Stiftung e.V. , der Roten Hilfe e.V. und der Informationsstelle Militarisierung e.V.<br>Engagement im Fluchtb\u00fcndnis &#8222;F\u00fcr eine Welt in der niemand fliehen muss&#8220;<br><\/p>\n\n\n\n<p><\/p>\n","protected":false},"excerpt":{"rendered":"<p>Michael Hsu Jahrgang 1993, geb\u00fcrtiger Esslinger, ledig, seit 2013 in Ostfildern-Parksiedlung wohnhaft. Schulbegleiter (Inklusionsassistent) Ehrenamtliches Engagement: Seit 2009 \u00dcbungsleiter der Handball AG Waisenhofschule Esslingen im Rahmen eines Lehrauftrageseingetragener Spender (2015 Stammzellenspende) der DKMS (Deutschen Knochenmarkspenderdatei) Schwerpunkte: bezahlbarer Wohnraum, Friedenspolitik, #fridaysforfuture, Bildung, Inklusion, Rekommunalisierung der \u00f6ffentlichen Daseinsvorsorge Vor Ort mehr R\u00e4ume der Begegnungen schaffen f\u00fcr jung &hellip; <\/p>\n<p class=\"link-more\"><a href=\"https:\/\/linke-bw.de\/ostfildern\/wahlen\/kandidatinnen\/michael-hsu\/\" class=\"more-link\"><span class=\"screen-reader-text\">\u201eMichael Hsu\u201c<\/span> weiterlesen<\/a><\/p>\n","protected":false},"author":207,"featured_media":0,"parent":377,"menu_order":0,"comment_status":"closed","ping_status":"closed","template":"","meta":{"ngg_post_thumbnail":0},"_links":{"self":[{"href":"https:\/\/linke-bw.de\/ostfildern\/wp-json\/wp\/v2\/pages\/478"}],"collection":[{"href":"https:\/\/linke-bw.de\/ostfildern\/wp-json\/wp\/v2\/pages"}],"about":[{"href":"https:\/\/linke-bw.de\/ostfildern\/wp-json\/wp\/v2\/types\/page"}],"author":[{"embeddable":true,"href":"https:\/\/linke-bw.de\/ostfildern\/wp-json\/wp\/v2\/users\/207"}],"replies":[{"embeddable":true,"href":"https:\/\/linke-bw.de\/ostfildern\/wp-json\/wp\/v2\/comments?post=478"}],"version-history":[{"count":8,"href":"https:\/\/linke-bw.de\/ostfildern\/wp-json\/wp\/v2\/pages\/478\/revisions"}],"predecessor-version":[{"id":508,"href":"https:\/\/linke-bw.de\/ostfildern\/wp-json\/wp\/v2\/pages\/478\/revisions\/508"}],"up":[{"embeddable":true,"href":"https:\/\/linke-bw.de\/ostfildern\/wp-json\/wp\/v2\/pages\/377"}],"wp:attachment":[{"href":"https:\/\/linke-bw.de\/ostfildern\/wp-json\/wp\/v2\/media?parent=478"}],"curies":[{"name":"wp","href":"https:\/\/api.w.org\/{rel}","templated":true}]}}