{"id":531,"date":"2019-03-28T23:23:51","date_gmt":"2019-03-28T22:23:51","guid":{"rendered":"http:\/\/linke-bw.de\/ostfildern\/?page_id=531"},"modified":"2020-02-05T17:28:16","modified_gmt":"2020-02-05T16:28:16","slug":"guenther-duerr","status":"publish","type":"page","link":"https:\/\/linke-bw.de\/ostfildern\/wahlen\/kandidatinnen\/guenther-duerr\/","title":{"rendered":"G\u00fcnther D\u00fcrr"},"content":{"rendered":"\n<figure class=\"wp-block-image is-resized\"><img loading=\"lazy\" src=\"https:\/\/linke-bw.de\/ostfildern\/files\/2019\/04\/P4151631-3-640x1024.jpg\" alt=\"\" class=\"wp-image-620\" width=\"556\" height=\"890\" srcset=\"https:\/\/linke-bw.de\/ostfildern\/files\/2019\/04\/P4151631-3-640x1024.jpg 640w, https:\/\/linke-bw.de\/ostfildern\/files\/2019\/04\/P4151631-3-188x300.jpg 188w, https:\/\/linke-bw.de\/ostfildern\/files\/2019\/04\/P4151631-3-768x1228.jpg 768w, https:\/\/linke-bw.de\/ostfildern\/files\/2019\/04\/P4151631-3.jpg 1538w\" sizes=\"(max-width: 556px) 100vw, 556px\" \/><figcaption>OLYMPUS DIGITAL CAMERA<\/figcaption><\/figure>\n\n\n\n<h4>G\u00fcnther D\u00fcrr<\/h4>\n\n\n\n<p>Jahrgang 1949, geboren in Stuttgart, seit 2002 in Ostfildern-Kemnat wohnhaft. Verheiratet, 3 erwachsene Kinder und 3 Enkelkinder. <\/p>\n\n\n\n<p>Dipl.-Ing. (FH), Fachrichtung Architektur; zuletzt t\u00e4tig als Sachverst\u00e4ndiger und Schadenregulierer f\u00fcr Brand-, Elementar- und Leitungswassersch\u00e4den.<\/p>\n\n\n\n<p>Einsatz f\u00fcr Mensch und Tier sowie f\u00fcr Umweltschutz und Natur (besonders am Herzen liegt mir derzeit die Erhaltung der Filder-Kulturlandschaft), Denkmalschutzbef\u00fcrworter<\/p>\n\n\n\n<p>Intensionen:<\/p>\n\n\n\n<ul><li>Kriegsgegner<\/li><li>Privatisierungsgegner<\/li><li>Baulandreduktion (Wohnungsbau auf Industriebrachen)<\/li><li>gegen die &#8222;Verschacherung&#8220; von Bauland an gro\u00dfe Bautr\u00e4ger<\/li><li>F\u00f6rderung der Gemeinn\u00fctzigkeit (insbesondere im Wohnungsbau)<\/li><li>Gesundheitswesen ohne Profitinteressen<\/li><li>staatliche Altersvorsorge auch f\u00fcr die junge Generation sichern<\/li><li>Armut und besonders Altersarmut bek\u00e4mpfen<\/li><\/ul>\n\n\n\n<p>&#8230; und ansonsten: das gesamte Programm der Linken.<\/p>\n","protected":false},"excerpt":{"rendered":"<p>G\u00fcnther D\u00fcrr Jahrgang 1949, geboren in Stuttgart, seit 2002 in Ostfildern-Kemnat wohnhaft. Verheiratet, 3 erwachsene Kinder und 3 Enkelkinder. Dipl.-Ing. (FH), Fachrichtung Architektur; zuletzt t\u00e4tig als Sachverst\u00e4ndiger und Schadenregulierer f\u00fcr Brand-, Elementar- und Leitungswassersch\u00e4den. Einsatz f\u00fcr Mensch und Tier sowie f\u00fcr Umweltschutz und Natur (besonders am Herzen liegt mir derzeit die Erhaltung der Filder-Kulturlandschaft), Denkmalschutzbef\u00fcrworter &hellip; <\/p>\n<p class=\"link-more\"><a href=\"https:\/\/linke-bw.de\/ostfildern\/wahlen\/kandidatinnen\/guenther-duerr\/\" class=\"more-link\"><span class=\"screen-reader-text\">\u201eG\u00fcnther D\u00fcrr\u201c<\/span> weiterlesen<\/a><\/p>\n","protected":false},"author":207,"featured_media":0,"parent":377,"menu_order":0,"comment_status":"closed","ping_status":"closed","template":"","meta":{"ngg_post_thumbnail":0},"_links":{"self":[{"href":"https:\/\/linke-bw.de\/ostfildern\/wp-json\/wp\/v2\/pages\/531"}],"collection":[{"href":"https:\/\/linke-bw.de\/ostfildern\/wp-json\/wp\/v2\/pages"}],"about":[{"href":"https:\/\/linke-bw.de\/ostfildern\/wp-json\/wp\/v2\/types\/page"}],"author":[{"embeddable":true,"href":"https:\/\/linke-bw.de\/ostfildern\/wp-json\/wp\/v2\/users\/207"}],"replies":[{"embeddable":true,"href":"https:\/\/linke-bw.de\/ostfildern\/wp-json\/wp\/v2\/comments?post=531"}],"version-history":[{"count":4,"href":"https:\/\/linke-bw.de\/ostfildern\/wp-json\/wp\/v2\/pages\/531\/revisions"}],"predecessor-version":[{"id":621,"href":"https:\/\/linke-bw.de\/ostfildern\/wp-json\/wp\/v2\/pages\/531\/revisions\/621"}],"up":[{"embeddable":true,"href":"https:\/\/linke-bw.de\/ostfildern\/wp-json\/wp\/v2\/pages\/377"}],"wp:attachment":[{"href":"https:\/\/linke-bw.de\/ostfildern\/wp-json\/wp\/v2\/media?parent=531"}],"curies":[{"name":"wp","href":"https:\/\/api.w.org\/{rel}","templated":true}]}}